{"id":216,"date":"2021-06-17T03:54:16","date_gmt":"2021-06-17T03:54:16","guid":{"rendered":"https:\/\/www.gemadec.com\/about-us-copy-copy-copy-copy\/"},"modified":"2023-05-30T13:23:28","modified_gmt":"2023-05-30T11:23:28","slug":"careers","status":"publish","type":"page","link":"https:\/\/www.gemadec.com\/en\/careers\/","title":{"rendered":"JOIN US"},"content":{"rendered":"<div data-elementor-type=\"wp-page\" data-elementor-id=\"216\" class=\"elementor elementor-216\">\n\t\t\t\t\t\t\t\t\t<section class=\"elementor-section elementor-top-section elementor-element elementor-element-dfb5e36 elementor-section-boxed elementor-section-height-default elementor-section-height-default rt-parallax-bg-no\" data-id=\"dfb5e36\" data-element_type=\"section\">\n\t\t\t\t\t\t<div class=\"elementor-container elementor-column-gap-default\">\n\t\t\t\t\t<div class=\"elementor-column elementor-col-100 elementor-top-column elementor-element elementor-element-bb5ef75\" data-id=\"bb5ef75\" data-element_type=\"column\">\n\t\t\t<div class=\"elementor-widget-wrap elementor-element-populated\">\n\t\t\t\t\t\t\t\t<div class=\"elementor-element elementor-element-1cbd82b elementor-widget elementor-widget-spacer\" data-id=\"1cbd82b\" data-element_type=\"widget\" data-widget_type=\"spacer.default\">\n\t\t\t\t<div class=\"elementor-widget-container\">\n\t\t\t<style>\/*! elementor - v3.10.2 - 29-01-2023 *\/\n.elementor-column .elementor-spacer-inner{height:var(--spacer-size)}.e-con{--container-widget-width:100%}.e-con-inner>.elementor-widget-spacer,.e-con>.elementor-widget-spacer{width:var(--container-widget-width,var(--spacer-size));--align-self:var(--container-widget-align-self,initial);--flex-shrink:0}.e-con-inner>.elementor-widget-spacer>.elementor-widget-container,.e-con-inner>.elementor-widget-spacer>.elementor-widget-container>.elementor-spacer,.e-con>.elementor-widget-spacer>.elementor-widget-container,.e-con>.elementor-widget-spacer>.elementor-widget-container>.elementor-spacer{height:100%}.e-con-inner>.elementor-widget-spacer>.elementor-widget-container>.elementor-spacer>.elementor-spacer-inner,.e-con>.elementor-widget-spacer>.elementor-widget-container>.elementor-spacer>.elementor-spacer-inner{height:var(--container-widget-height,var(--spacer-size))}<\/style>\t\t<div class=\"elementor-spacer\">\n\t\t\t<div class=\"elementor-spacer-inner\"><\/div>\n\t\t<\/div>\n\t\t\t\t<\/div>\n\t\t\t\t<\/div>\n\t\t\t\t\t<\/div>\n\t\t<\/div>\n\t\t\t\t\t\t\t<\/div>\n\t\t<\/section>\n\t\t\t\t<section class=\"elementor-section elementor-top-section elementor-element elementor-element-033b94c elementor-section-boxed elementor-section-height-default elementor-section-height-default rt-parallax-bg-no\" data-id=\"033b94c\" data-element_type=\"section\">\n\t\t\t\t\t\t<div class=\"elementor-container elementor-column-gap-default\">\n\t\t\t\t\t<div class=\"elementor-column elementor-col-100 elementor-top-column elementor-element elementor-element-1deacf0\" data-id=\"1deacf0\" data-element_type=\"column\">\n\t\t\t<div class=\"elementor-widget-wrap elementor-element-populated\">\n\t\t\t\t\t\t\t\t<div class=\"elementor-element elementor-element-88e3cde elementor-invisible elementor-widget elementor-widget-rt-title\" data-id=\"88e3cde\" data-element_type=\"widget\" data-widget_type=\"rt-title.default\">\n\t\t\t\t<div class=\"elementor-widget-container\">\n\t\t\t<div class=\"sec-title style4\">\n\t<div class=\"sec-title-holder\">\n\t\t\t\t<span class=\"sub-title hide fadeInUp\" data-wow-delay=\"1s\" data-wow-duration=\"1s\">JOIN US<\/span>\n\t\t\t\t<h2 class=\"rtin-title hide fadeInUp\" data-wow-delay=\"1.2s\" data-wow-duration=\"1s\">Find the career you need: Join a leading company in a fast-growing field<\/h2>\n\t\t\t\t\t<div class=\"rtin-text hide fadeInUp\" data-wow-delay=\"1.4s\" data-wow-duration=\"1s\"><p>Ready to give a new impetus to your career? You will work with our clients which include large companies, banks, institutional as well as governments from different countries, especially African ones. You will use the power of new technologies to accompany them in their digital transformation! Within a team of multidisciplinary and international experts, you will evolve, learn and receive continuously the training that will enable you to meet every day new technical and organizational challenges towards success on behalf of GEMADEC.<\/p><p>Send your CV + Letter of Motivation to the Human Resources Department and start a successful new career!<\/p><\/div>\n\t\t\t<\/div>\n<\/div>\t\t<\/div>\n\t\t\t\t<\/div>\n\t\t\t\t\t<\/div>\n\t\t<\/div>\n\t\t\t\t\t\t\t<\/div>\n\t\t<\/section>\n\t\t\t\t<section class=\"elementor-section elementor-top-section elementor-element elementor-element-4433890 elementor-section-boxed elementor-section-height-default elementor-section-height-default rt-parallax-bg-no\" data-id=\"4433890\" data-element_type=\"section\">\n\t\t\t\t\t\t<div class=\"elementor-container elementor-column-gap-default\">\n\t\t\t\t\t<div class=\"elementor-column elementor-col-100 elementor-top-column elementor-element elementor-element-40c6ac7\" data-id=\"40c6ac7\" data-element_type=\"column\">\n\t\t\t<div class=\"elementor-widget-wrap elementor-element-populated\">\n\t\t\t\t\t\t\t\t<div class=\"elementor-element elementor-element-4042107 eael-contact-form-7-button-custom elementor-widget elementor-widget-eael-contact-form-7\" data-id=\"4042107\" data-element_type=\"widget\" data-widget_type=\"eael-contact-form-7.default\">\n\t\t\t\t<div class=\"elementor-widget-container\">\n\t\t\t<div class=\"eael-contact-form-7-wrapper\">\n                <div class=\"eael-contact-form eael-contact-form-7 eael-contact-form-4042107 placeholder-show eael-contact-form-align-default\"><div class=\"eael-contact-form-7-heading\"><h3 class=\"eael-contact-form-title eael-contact-form-7-title\">\n                                    Application form\n                                <\/h3><\/div>\n<div class=\"wpcf7 no-js\" id=\"wpcf7-f8658-o1\" lang=\"fr-FR\" dir=\"ltr\">\n<div class=\"screen-reader-response\"><p role=\"status\" aria-live=\"polite\" aria-atomic=\"true\"><\/p> <ul><\/ul><\/div>\n<form action=\"\/en\/wp-json\/wp\/v2\/pages\/216#wpcf7-f8658-o1\" method=\"post\" class=\"wpcf7-form init\" aria-label=\"Contact form\" enctype=\"multipart\/form-data\" novalidate=\"novalidate\" data-status=\"init\" data-trp-original-action=\"\/en\/wp-json\/wp\/v2\/pages\/216#wpcf7-f8658-o1\">\n<div style=\"display: none;\">\n<input type=\"hidden\" name=\"_wpcf7\" value=\"8658\" \/>\n<input type=\"hidden\" name=\"_wpcf7_version\" value=\"5.7.7\" \/>\n<input type=\"hidden\" name=\"_wpcf7_locale\" value=\"fr_FR\" \/>\n<input type=\"hidden\" name=\"_wpcf7_unit_tag\" value=\"wpcf7-f8658-o1\" \/>\n<input type=\"hidden\" name=\"_wpcf7_container_post\" value=\"0\" \/>\n<input type=\"hidden\" name=\"_wpcf7_posted_data_hash\" value=\"\" \/>\n<input type=\"hidden\" name=\"_wpcf7_recaptcha_response\" value=\"\" \/>\n<\/div>\n<div class=\"\">\n\t<div class=\"row\">\n\t\t<div class=\"col-xs-12 col-sm-6\">\n\t\t\t<p><label>Name<\/label>\n\t\t\t<\/p>\n\t\t\t<div class=\"form-group\">\n\t\t\t\t<p><span class=\"wpcf7-form-control-wrap\" data-name=\"your-name\"><input size=\"40\" class=\"wpcf7-form-control wpcf7-text wpcf7-validates-as-required\" autocomplete=\"name\" aria-required=\"true\" aria-invalid=\"false\" value=\"\" type=\"text\" name=\"your-name\" \/><\/span>\n\t\t\t\t<\/p>\n\t\t\t<\/div>\n\t\t<\/div>\n\t\t<div class=\"col-xs-12 col-sm-6\">\n\t\t\t<p><label>First name<\/label>\n\t\t\t<\/p>\n\t\t\t<div class=\"form-group\">\n\t\t\t\t<p><span class=\"wpcf7-form-control-wrap\" data-name=\"prenom\"><input size=\"40\" class=\"wpcf7-form-control wpcf7-text wpcf7-validates-as-required\" aria-required=\"true\" aria-invalid=\"false\" value=\"\" type=\"text\" name=\"prenom\" \/><\/span>\n\t\t\t\t<\/p>\n\t\t\t<\/div>\n\t\t<\/div>\n\t<\/div>\n\t<div class=\"row\">\n\t\t<div class=\"col-xs-12 col-sm-6\">\n\t\t\t<p><label>Email<\/label>\n\t\t\t<\/p>\n\t\t\t<div class=\"form-group\">\n\t\t\t\t<p><span class=\"wpcf7-form-control-wrap\" data-name=\"your-email\"><input size=\"40\" class=\"wpcf7-form-control wpcf7-text wpcf7-email wpcf7-validates-as-required wpcf7-validates-as-email\" autocomplete=\"email\" aria-required=\"true\" aria-invalid=\"false\" value=\"\" type=\"email\" name=\"your-email\" \/><\/span>\n\t\t\t\t<\/p>\n\t\t\t<\/div>\n\t\t<\/div>\n\t\t<div class=\"col-xs-12 col-sm-6\">\n\t\t\t<p><label>Job title<\/label>\n\t\t\t<\/p>\n\t\t\t<div class=\"form-group\">\n\t\t\t\t<p><span class=\"wpcf7-form-control-wrap\" data-name=\"poste\"><input size=\"40\" class=\"wpcf7-form-control wpcf7-text wpcf7-validates-as-required\" aria-required=\"true\" aria-invalid=\"false\" value=\"\" type=\"text\" name=\"poste\" \/><\/span>\n\t\t\t\t<\/p>\n\t\t\t<\/div>\n\t\t<\/div>\n\t<\/div>\n\t<p><label>Message<\/label><br \/>\n<span class=\"wpcf7-form-control-wrap\" data-name=\"message\"><textarea cols=\"40\" rows=\"10\" class=\"wpcf7-form-control wpcf7-textarea wpcf7-validates-as-required\" aria-required=\"true\" aria-invalid=\"false\" name=\"message\"><\/textarea><\/span>\n\t<\/p>\n\t<div class=\"my-file\">\n\t\t<p><label>Your CV<\/label><br \/>\n<span class=\"wpcf7-form-control-wrap\" data-name=\"cv\"><input size=\"40\" class=\"wpcf7-form-control wpcf7-file wpcf7-validates-as-required\" accept=\".pdf\" aria-required=\"true\" aria-invalid=\"false\" type=\"file\" name=\"cv\" \/><\/span><br \/>\n<small>Fichier PDF. Max:5mb<\/small>\n\t\t<\/p>\n\t<\/div>\n\t<div class=\"my-captcha\">\n\t<span class=\"wpcf7-form-control-wrap recaptcha\" data-name=\"recaptcha\"><span data-sitekey=\"6LecjTsmAAAAAGyoy0xbMqxNAU6_B7k7UyyM-UOv\" class=\"wpcf7-form-control g-recaptcha wpcf7-recaptcha\"><\/span>\r\n<noscript>\r\n\t<div class=\"grecaptcha-noscript\">\r\n\t\t<iframe loading=\"lazy\" src=\"https:\/\/www.google.com\/recaptcha\/api\/fallback?k=6LecjTsmAAAAAGyoy0xbMqxNAU6_B7k7UyyM-UOv\" frameborder=\"0\" scrolling=\"no\" width=\"310\" height=\"430\">\r\n\t\t<\/iframe>\r\n\t\t<textarea name=\"g-recaptcha-response\" rows=\"3\" cols=\"40\" placeholder=\"reCaptcha Response Here\">\r\n\t\t<\/textarea>\r\n\t<\/div>\r\n<\/noscript>\r\n<\/span>\n\t<\/div>\n\t<div class=\"clearfix\">\n\t\t<p><input class=\"wpcf7-form-control has-spinner wpcf7-submit btn btn-theme\" type=\"submit\" value=\"Send\" \/>\n\t\t<\/p>\n\t<\/div>\n<\/div><p style=\"display: none !important;\"><label>&#916;<textarea name=\"_wpcf7_ak_hp_textarea\" cols=\"45\" rows=\"8\" maxlength=\"100\"><\/textarea><\/label><input type=\"hidden\" id=\"ak_js_1\" name=\"_wpcf7_ak_js\" value=\"177\"\/><script>document.getElementById( \"ak_js_1\" ).setAttribute( \"value\", ( new Date() ).getTime() );<\/script><\/p><div class=\"wpcf7-response-output\" aria-hidden=\"true\"><\/div>\n<input type=\"hidden\" name=\"trp-form-language\" value=\"en\"\/><\/form>\n<\/div>\n<\/div>\n            <\/div>\t\t<\/div>\n\t\t\t\t<\/div>\n\t\t\t\t<div class=\"elementor-element elementor-element-f0a781f elementor-widget elementor-widget-spacer\" data-id=\"f0a781f\" data-element_type=\"widget\" data-widget_type=\"spacer.default\">\n\t\t\t\t<div class=\"elementor-widget-container\">\n\t\t\t\t\t<div class=\"elementor-spacer\">\n\t\t\t<div class=\"elementor-spacer-inner\"><\/div>\n\t\t<\/div>\n\t\t\t\t<\/div>\n\t\t\t\t<\/div>\n\t\t\t\t\t<\/div>\n\t\t<\/div>\n\t\t\t\t\t\t\t<\/div>\n\t\t<\/section>\n\t\t\t\t\t\t\t<\/div>","protected":false},"excerpt":{"rendered":"<p>NOUS REJOINDRE Trouvez la carri\u00e8re qui vous correspond : rejoignez une entreprise leader dans un domaine en plein expansion Pr\u00eat(e) \u00e0 donner un nouvel \u00e9lan \u00e0 votre carri\u00e8re ? Vous travaillerez aupr\u00e8s de nos clients qui incluent des grandes entreprises, banques, des institutionnels ainsi que des gouvernements de diff\u00e9rents pays, notamment africain. Vous utiliserez le [&hellip;]<\/p>","protected":false},"author":1,"featured_media":0,"parent":0,"menu_order":0,"comment_status":"closed","ping_status":"closed","template":"elementor_header_footer","meta":{"_joinchat":[],"footnotes":""},"class_list":["post-216","page","type-page","status-publish","hentry"],"yoast_head":"<!-- This site is optimized with the Yoast SEO plugin v20.12 - https:\/\/yoast.com\/wordpress\/plugins\/seo\/ -->\n<title>NOUS REJOINDRE - GEMADEC<\/title>\n<meta name=\"description\" content=\"Avec plus de 45 ann\u00e9es de confiance avec ses clients et partenaires, GEMADEC se positionne comme une r\u00e9f\u00e9rence internationale de la (...)\" \/>\n<meta name=\"robots\" content=\"index, follow, max-snippet:-1, max-image-preview:large, max-video-preview:-1\" \/>\n<link rel=\"canonical\" href=\"https:\/\/www.gemadec.com\/en\/careers\/\" \/>\n<meta property=\"og:locale\" content=\"en_US\" \/>\n<meta property=\"og:type\" content=\"article\" \/>\n<meta property=\"og:title\" content=\"NOUS REJOINDRE - GEMADEC\" \/>\n<meta property=\"og:description\" content=\"Avec plus de 45 ann\u00e9es de confiance avec ses clients et partenaires, GEMADEC se positionne comme une r\u00e9f\u00e9rence internationale de la (...)\" \/>\n<meta property=\"og:url\" content=\"https:\/\/www.gemadec.com\/en\/careers\/\" \/>\n<meta property=\"og:site_name\" content=\"GEMADEC\" \/>\n<meta property=\"article:publisher\" content=\"https:\/\/www.facebook.com\/people\/Gemadec\/100029971880418\/\" \/>\n<meta property=\"article:modified_time\" content=\"2023-05-30T11:23:28+00:00\" \/>\n<meta property=\"og:image\" content=\"https:\/\/www.gemadec.com\/wp-content\/uploads\/2023\/02\/logo.png\" \/>\n\t<meta property=\"og:image:width\" content=\"137\" \/>\n\t<meta property=\"og:image:height\" content=\"107\" \/>\n\t<meta property=\"og:image:type\" content=\"image\/png\" \/>\n<meta name=\"twitter:card\" content=\"summary_large_image\" \/>\n<meta name=\"twitter:site\" content=\"@GEMADEC1\" \/>\n<meta name=\"twitter:label1\" content=\"Est. reading time\" \/>\n\t<meta name=\"twitter:data1\" content=\"1 minute\" \/>\n<script type=\"application\/ld+json\" class=\"yoast-schema-graph\">{\"@context\":\"https:\/\/schema.org\",\"@graph\":[{\"@type\":\"WebPage\",\"@id\":\"https:\/\/www.gemadec.com\/careers\/\",\"url\":\"https:\/\/www.gemadec.com\/careers\/\",\"name\":\"NOUS REJOINDRE - GEMADEC\",\"isPartOf\":{\"@id\":\"https:\/\/www.gemadec.com\/#website\"},\"datePublished\":\"2021-06-17T03:54:16+00:00\",\"dateModified\":\"2023-05-30T11:23:28+00:00\",\"description\":\"Avec plus de 45 ann\u00e9es de confiance avec ses clients et partenaires, GEMADEC se positionne comme une r\u00e9f\u00e9rence internationale de la (...)\",\"breadcrumb\":{\"@id\":\"https:\/\/www.gemadec.com\/careers\/#breadcrumb\"},\"inLanguage\":\"en-US\",\"potentialAction\":[{\"@type\":\"ReadAction\",\"target\":[\"https:\/\/www.gemadec.com\/careers\/\"]}]},{\"@type\":\"BreadcrumbList\",\"@id\":\"https:\/\/www.gemadec.com\/careers\/#breadcrumb\",\"itemListElement\":[{\"@type\":\"ListItem\",\"position\":1,\"name\":\"Accueil\",\"item\":\"https:\/\/www.gemadec.com\/\"},{\"@type\":\"ListItem\",\"position\":2,\"name\":\"NOUS REJOINDRE\"}]},{\"@type\":\"WebSite\",\"@id\":\"https:\/\/www.gemadec.com\/#website\",\"url\":\"https:\/\/www.gemadec.com\/\",\"name\":\"GEMADEC\",\"description\":\"Information Technology Innovator\",\"publisher\":{\"@id\":\"https:\/\/www.gemadec.com\/#organization\"},\"alternateName\":\"GEMADEC\",\"potentialAction\":[{\"@type\":\"SearchAction\",\"target\":{\"@type\":\"EntryPoint\",\"urlTemplate\":\"https:\/\/www.gemadec.com\/?s={search_term_string}\"},\"query-input\":\"required name=search_term_string\"}],\"inLanguage\":\"en-US\"},{\"@type\":\"Organization\",\"@id\":\"https:\/\/www.gemadec.com\/#organization\",\"name\":\"GEMADEC\",\"alternateName\":\"GEMADEC\",\"url\":\"https:\/\/www.gemadec.com\/\",\"logo\":{\"@type\":\"ImageObject\",\"inLanguage\":\"en-US\",\"@id\":\"https:\/\/www.gemadec.com\/#\/schema\/logo\/image\/\",\"url\":\"https:\/\/www.gemadec.com\/wp-content\/uploads\/2023\/02\/logo.png\",\"contentUrl\":\"https:\/\/www.gemadec.com\/wp-content\/uploads\/2023\/02\/logo.png\",\"width\":137,\"height\":107,\"caption\":\"GEMADEC\"},\"image\":{\"@id\":\"https:\/\/www.gemadec.com\/#\/schema\/logo\/image\/\"},\"sameAs\":[\"https:\/\/www.facebook.com\/people\/Gemadec\/100029971880418\/\",\"https:\/\/twitter.com\/GEMADEC1\",\"https:\/\/www.linkedin.com\/company\/gemadec?originalSubdomain=ma\",\"https:\/\/www.youtube.com\/channel\/UCEUuSFwSEEmkrhJ-YCYon4Q\"]}]}<\/script>\n<!-- \/ Yoast SEO plugin. -->","yoast_head_json":{"title":"NOUS REJOINDRE - GEMADEC","description":"Avec plus de 45 ann\u00e9es de confiance avec ses clients et partenaires, GEMADEC se positionne comme une r\u00e9f\u00e9rence internationale de la (...)","robots":{"index":"index","follow":"follow","max-snippet":"max-snippet:-1","max-image-preview":"max-image-preview:large","max-video-preview":"max-video-preview:-1"},"canonical":"https:\/\/www.gemadec.com\/en\/careers\/","og_locale":"en_US","og_type":"article","og_title":"NOUS REJOINDRE - GEMADEC","og_description":"Avec plus de 45 ann\u00e9es de confiance avec ses clients et partenaires, GEMADEC se positionne comme une r\u00e9f\u00e9rence internationale de la (...)","og_url":"https:\/\/www.gemadec.com\/en\/careers\/","og_site_name":"GEMADEC","article_publisher":"https:\/\/www.facebook.com\/people\/Gemadec\/100029971880418\/","article_modified_time":"2023-05-30T11:23:28+00:00","og_image":[{"width":137,"height":107,"url":"https:\/\/www.gemadec.com\/wp-content\/uploads\/2023\/02\/logo.png","type":"image\/png"}],"twitter_card":"summary_large_image","twitter_site":"@GEMADEC1","twitter_misc":{"Est. reading time":"1 minute"},"schema":{"@context":"https:\/\/schema.org","@graph":[{"@type":"WebPage","@id":"https:\/\/www.gemadec.com\/careers\/","url":"https:\/\/www.gemadec.com\/careers\/","name":"NOUS REJOINDRE - GEMADEC","isPartOf":{"@id":"https:\/\/www.gemadec.com\/#website"},"datePublished":"2021-06-17T03:54:16+00:00","dateModified":"2023-05-30T11:23:28+00:00","description":"Avec plus de 45 ann\u00e9es de confiance avec ses clients et partenaires, GEMADEC se positionne comme une r\u00e9f\u00e9rence internationale de la (...)","breadcrumb":{"@id":"https:\/\/www.gemadec.com\/careers\/#breadcrumb"},"inLanguage":"en-US","potentialAction":[{"@type":"ReadAction","target":["https:\/\/www.gemadec.com\/careers\/"]}]},{"@type":"BreadcrumbList","@id":"https:\/\/www.gemadec.com\/careers\/#breadcrumb","itemListElement":[{"@type":"ListItem","position":1,"name":"Accueil","item":"https:\/\/www.gemadec.com\/"},{"@type":"ListItem","position":2,"name":"NOUS REJOINDRE"}]},{"@type":"WebSite","@id":"https:\/\/www.gemadec.com\/#website","url":"https:\/\/www.gemadec.com\/","name":"GEMADEC","description":"Information Technology Innovator","publisher":{"@id":"https:\/\/www.gemadec.com\/#organization"},"alternateName":"GEMADEC","potentialAction":[{"@type":"SearchAction","target":{"@type":"EntryPoint","urlTemplate":"https:\/\/www.gemadec.com\/?s={search_term_string}"},"query-input":"required name=search_term_string"}],"inLanguage":"en-US"},{"@type":"Organization","@id":"https:\/\/www.gemadec.com\/#organization","name":"GEMADEC","alternateName":"GEMADEC","url":"https:\/\/www.gemadec.com\/","logo":{"@type":"ImageObject","inLanguage":"en-US","@id":"https:\/\/www.gemadec.com\/#\/schema\/logo\/image\/","url":"https:\/\/www.gemadec.com\/wp-content\/uploads\/2023\/02\/logo.png","contentUrl":"https:\/\/www.gemadec.com\/wp-content\/uploads\/2023\/02\/logo.png","width":137,"height":107,"caption":"GEMADEC"},"image":{"@id":"https:\/\/www.gemadec.com\/#\/schema\/logo\/image\/"},"sameAs":["https:\/\/www.facebook.com\/people\/Gemadec\/100029971880418\/","https:\/\/twitter.com\/GEMADEC1","https:\/\/www.linkedin.com\/company\/gemadec?originalSubdomain=ma","https:\/\/www.youtube.com\/channel\/UCEUuSFwSEEmkrhJ-YCYon4Q"]}]}},"_links":{"self":[{"href":"https:\/\/www.gemadec.com\/en\/wp-json\/wp\/v2\/pages\/216","targetHints":{"allow":["GET"]}}],"collection":[{"href":"https:\/\/www.gemadec.com\/en\/wp-json\/wp\/v2\/pages"}],"about":[{"href":"https:\/\/www.gemadec.com\/en\/wp-json\/wp\/v2\/types\/page"}],"author":[{"embeddable":true,"href":"https:\/\/www.gemadec.com\/en\/wp-json\/wp\/v2\/users\/1"}],"replies":[{"embeddable":true,"href":"https:\/\/www.gemadec.com\/en\/wp-json\/wp\/v2\/comments?post=216"}],"version-history":[{"count":38,"href":"https:\/\/www.gemadec.com\/en\/wp-json\/wp\/v2\/pages\/216\/revisions"}],"predecessor-version":[{"id":11467,"href":"https:\/\/www.gemadec.com\/en\/wp-json\/wp\/v2\/pages\/216\/revisions\/11467"}],"wp:attachment":[{"href":"https:\/\/www.gemadec.com\/en\/wp-json\/wp\/v2\/media?parent=216"}],"curies":[{"name":"wp","href":"https:\/\/api.w.org\/{rel}","templated":true}]}}